{"id":468,"date":"2023-02-26T19:21:17","date_gmt":"2023-02-26T19:21:17","guid":{"rendered":"http:\/\/astierjje.com\/?page_id=468"},"modified":"2023-04-01T14:29:32","modified_gmt":"2023-04-01T14:29:32","slug":"videos","status":"publish","type":"page","link":"https:\/\/astierjje.com\/?page_id=468","title":{"rendered":"Vid\u00e9os"},"content":{"rendered":"\n<p class=\"has-medium-font-size\">Ma vie d&#8217;apr\u00e8s<\/p>\n\n\n\n<iframe loading=\"lazy\" title=\"Ma vie d&#039;apr\u00e8s\" width=\"525\" height=\"295\" src=\"https:\/\/www.youtube.com\/embed\/mgednv7GHvg?feature=oembed\" frameborder=\"0\" allow=\"accelerometer; autoplay; clipboard-write; encrypted-media; gyroscope; picture-in-picture; web-share\" allowfullscreen><\/iframe>\n\n\n\n<p><\/p>\n\n\n\n<p class=\"has-medium-font-size\">Reportage &#8220;Dans la boite&#8221; &#8211; DECLIC&nbsp; RADIO&nbsp; 101.1 FM<\/p>\n\n\n\n<iframe loading=\"lazy\" title=\"Jean-Jacques Elie ASTIER - Reportage &quot;Dans la boite&quot; - D\u00e9clic Radio 101.1 FM\" width=\"525\" height=\"295\" src=\"https:\/\/www.youtube.com\/embed\/aIlakgxyFfU?feature=oembed\" frameborder=\"0\" allow=\"accelerometer; autoplay; clipboard-write; encrypted-media; gyroscope; picture-in-picture; web-share\" allowfullscreen><\/iframe>\n\n\n\n<p><\/p>\n\n\n\n<p class=\"has-medium-font-size\">L&#8217;\u00e2me du couteau &#8211; La fabrication de &#8220;L&#8217;Ard\u00e8chois\u00a9&#8221;&nbsp;<\/p>\n\n\n\n<iframe loading=\"lazy\" title=\"lardechois\" width=\"525\" height=\"394\" src=\"https:\/\/www.youtube.com\/embed\/z6RW0BtzROo?feature=oembed\" frameborder=\"0\" allow=\"accelerometer; autoplay; clipboard-write; encrypted-media; gyroscope; picture-in-picture; web-share\" allowfullscreen><\/iframe>\n\n\n\n<p><\/p>\n\n\n\n<p class=\"has-medium-font-size\">Reportage FR3 Rh\u00f4ne-Alpes<\/p>\n\n\n\n<iframe loading=\"lazy\" title=\"fr3\" width=\"525\" height=\"394\" src=\"https:\/\/www.youtube.com\/embed\/U8XF-hzjOb0?feature=oembed\" frameborder=\"0\" allow=\"accelerometer; autoplay; clipboard-write; encrypted-media; gyroscope; picture-in-picture; web-share\" allowfullscreen><\/iframe>\n\n\n\n<p><\/p>\n\n\n\n<p class=\"has-medium-font-size\">Production d&#8217;acier<\/p>\n\n\n\n<iframe loading=\"lazy\" title=\"acier\" width=\"525\" height=\"394\" src=\"https:\/\/www.youtube.com\/embed\/C2dmYq61OHU?feature=oembed\" frameborder=\"0\" allow=\"accelerometer; autoplay; clipboard-write; encrypted-media; gyroscope; picture-in-picture; web-share\" allowfullscreen><\/iframe>\n\n\n\n<p class=\"has-medium-font-size\">&nbsp;<\/p>\n\n\n\n<p class=\"has-medium-font-size\">La croix \u00e9toile &#8211; 1\u00e8re partie<\/p>\n\n\n\n<iframe loading=\"lazy\" title=\"etoile1-1.avi\" width=\"525\" height=\"394\" src=\"https:\/\/www.youtube.com\/embed\/dZ5njYUWSG8?feature=oembed\" frameborder=\"0\" allow=\"accelerometer; autoplay; clipboard-write; encrypted-media; gyroscope; picture-in-picture; web-share\" allowfullscreen><\/iframe>\n\n\n\n<p><\/p>\n\n\n\n<p class=\"has-medium-font-size\">&nbsp;La croix \u00e9toile &#8211; 2\u00e8me partie<\/p>\n\n\n\n<iframe loading=\"lazy\" title=\"etoile1-2.avi\" width=\"525\" height=\"394\" src=\"https:\/\/www.youtube.com\/embed\/6IfJQJZIlCI?feature=oembed\" frameborder=\"0\" allow=\"accelerometer; autoplay; clipboard-write; encrypted-media; gyroscope; picture-in-picture; web-share\" allowfullscreen><\/iframe>\n\n\n\n<p><\/p>\n\n\n\n<p>La croix \u00e9toile &#8211; 3\u00e8me partie<\/p>\n\n\n\n<iframe loading=\"lazy\" title=\"etoile1 3\" width=\"525\" height=\"394\" src=\"https:\/\/www.youtube.com\/embed\/o-M7HRen_WI?feature=oembed\" frameborder=\"0\" allow=\"accelerometer; autoplay; clipboard-write; encrypted-media; gyroscope; picture-in-picture; web-share\" allowfullscreen><\/iframe>\n\n\n\n<p class=\"has-text-align-center\"><a href=\"http:\/\/www.astierjje.com\" data-type=\"URL\" data-id=\"www.astierjje.com\"><strong>Retour Accueil<\/strong><\/a><\/p>\n","protected":false},"excerpt":{"rendered":"<p>Ma vie d&#8217;apr\u00e8s Reportage &#8220;Dans la boite&#8221; &#8211; DECLIC&nbsp; RADIO&nbsp; 101.1 FM L&#8217;\u00e2me du couteau &#8211; La fabrication de &#8220;L&#8217;Ard\u00e8chois\u00a9&#8221;&nbsp; Reportage FR3 Rh\u00f4ne-Alpes Production d&#8217;acier &nbsp; La croix \u00e9toile &#8211; 1\u00e8re partie &nbsp;La croix \u00e9toile &#8211; 2\u00e8me partie La croix \u00e9toile &#8211; 3\u00e8me partie Retour Accueil<\/p>\n","protected":false},"author":2,"featured_media":0,"parent":0,"menu_order":0,"comment_status":"closed","ping_status":"closed","template":"","meta":{"footnotes":""},"_links":{"self":[{"href":"https:\/\/astierjje.com\/index.php?rest_route=\/wp\/v2\/pages\/468"}],"collection":[{"href":"https:\/\/astierjje.com\/index.php?rest_route=\/wp\/v2\/pages"}],"about":[{"href":"https:\/\/astierjje.com\/index.php?rest_route=\/wp\/v2\/types\/page"}],"author":[{"embeddable":true,"href":"https:\/\/astierjje.com\/index.php?rest_route=\/wp\/v2\/users\/2"}],"replies":[{"embeddable":true,"href":"https:\/\/astierjje.com\/index.php?rest_route=%2Fwp%2Fv2%2Fcomments&post=468"}],"version-history":[{"count":18,"href":"https:\/\/astierjje.com\/index.php?rest_route=\/wp\/v2\/pages\/468\/revisions"}],"predecessor-version":[{"id":579,"href":"https:\/\/astierjje.com\/index.php?rest_route=\/wp\/v2\/pages\/468\/revisions\/579"}],"wp:attachment":[{"href":"https:\/\/astierjje.com\/index.php?rest_route=%2Fwp%2Fv2%2Fmedia&parent=468"}],"curies":[{"name":"wp","href":"https:\/\/api.w.org\/{rel}","templated":true}]}}